{"id":7627,"date":"2016-10-24T12:32:40","date_gmt":"2016-10-24T12:32:40","guid":{"rendered":"https:\/\/kwhholland.nl\/de\/cases\/jonge-cannes-frankijk\/"},"modified":"2018-06-19T09:28:24","modified_gmt":"2018-06-19T07:28:24","slug":"jonge-cannes-frankreich","status":"publish","type":"page","link":"https:\/\/kwhholland.nl\/de\/fallbeispiele\/jonge-cannes-frankreich\/","title":{"rendered":"De Jong, Cannes \u2013 Frankreich"},"content":{"rendered":"<p>In Frankreich wird die Olivenernte durch die schwarze M\u00fccke (Bactrocera oleae) bedroht. Schwarze Fliegen legen Eier in die Fr\u00fcchte und greifen sie von innen an. Die einzige wirksame Gegenma\u00dfnahme ist die Behandlung mit einem biologischen Tonpr\u00e4parat (Agile Blanche). Das Problem dabei ist, dass die Aufbringung in gro\u00dfen B\u00e4umen 20 Liter Wasser verbraucht und mindestens eine halbe Stunde in Anspruch nimmt. Und nach jedem Regen muss das Spritzmittel erneut aufgebracht werden. Der Olivengarten von<\/p>\n<p>De Jong in Cannes liegt an einem steilen, schwer zug\u00e4nglichen Hang.<\/p>\n<p><strong>Die L\u00f6sung: eine KWH-Spritzkanone (Phantom)<\/strong><br \/>\nNach einem eint\u00e4gigen Test legte KWH Holland die folgende L\u00f6sung vor: eine KWH-Spritzkanone (Phantom), montiert auf einen Cararo-Traktor. Da die Tonsuspension sehr dickfl\u00fcssig ist, verwendeten wir die patentierten, verstopfungsfreien KWH-D\u00fcsen.<\/p>\n<p><strong>Das Ergebnis:<\/strong><br \/>\n\u2013 Je Baum h\u00f6chstens eine Minute Spritzdauer und zwei Liter Wasser<br \/>\n\u2013 Perfekte Blattbenetzung<br \/>\n\u2013 Reduzierung der Behandlungszeit von einer Woche auf einen Tag<\/p>\n","protected":false},"excerpt":{"rendered":"<p>In Frankreich wird die Olivenernte durch die schwarze M\u00fccke (Bactrocera oleae) bedroht. Schwarze Fliegen legen Eier in die Fr\u00fcchte und greifen sie von innen an. Die einzige wirksame Gegenma\u00dfnahme ist die Behandlung mit einem biologischen Tonpr\u00e4parat (Agile Blanche). Das Problem dabei ist, dass die Aufbringung in gro\u00dfen B\u00e4umen 20 Liter Wasser verbraucht und mindestens eine &hellip; <a href=\"https:\/\/kwhholland.nl\/de\/fallbeispiele\/jonge-cannes-frankreich\/\">Continued<\/a><\/p>\n","protected":false},"author":1,"featured_media":7202,"parent":7615,"menu_order":0,"comment_status":"closed","ping_status":"closed","template":"templates\/case-single.php","meta":{"footnotes":""},"class_list":["post-7627","page","type-page","status-publish","has-post-thumbnail","hentry"],"_links":{"self":[{"href":"https:\/\/kwhholland.nl\/de\/wp-json\/wp\/v2\/pages\/7627","targetHints":{"allow":["GET"]}}],"collection":[{"href":"https:\/\/kwhholland.nl\/de\/wp-json\/wp\/v2\/pages"}],"about":[{"href":"https:\/\/kwhholland.nl\/de\/wp-json\/wp\/v2\/types\/page"}],"author":[{"embeddable":true,"href":"https:\/\/kwhholland.nl\/de\/wp-json\/wp\/v2\/users\/1"}],"replies":[{"embeddable":true,"href":"https:\/\/kwhholland.nl\/de\/wp-json\/wp\/v2\/comments?post=7627"}],"version-history":[{"count":3,"href":"https:\/\/kwhholland.nl\/de\/wp-json\/wp\/v2\/pages\/7627\/revisions"}],"predecessor-version":[{"id":12608,"href":"https:\/\/kwhholland.nl\/de\/wp-json\/wp\/v2\/pages\/7627\/revisions\/12608"}],"up":[{"embeddable":true,"href":"https:\/\/kwhholland.nl\/de\/wp-json\/wp\/v2\/pages\/7615"}],"wp:featuredmedia":[{"embeddable":true,"href":"https:\/\/kwhholland.nl\/de\/wp-json\/wp\/v2\/media\/7202"}],"wp:attachment":[{"href":"https:\/\/kwhholland.nl\/de\/wp-json\/wp\/v2\/media?parent=7627"}],"curies":[{"name":"wp","href":"https:\/\/api.w.org\/{rel}","templated":true}]}}