{"id":13347,"date":"2018-10-24T14:03:25","date_gmt":"2018-10-24T12:03:25","guid":{"rendered":"https:\/\/kwhholland.nl\/de\/onderdelen-bestellen\/"},"modified":"2018-12-10T12:12:10","modified_gmt":"2018-12-10T11:12:10","slug":"onderdelen-bestellen","status":"publish","type":"page","link":"https:\/\/kwhholland.nl\/de\/onderdelen-bestellen\/","title":{"rendered":"Auf der Suche nach Teilen?"},"content":{"rendered":"<p>Nutzen Sie unser Suchwerkzeug, um die richtige Maschine zu finden. Jede Maschine verwendet verschiedene Teile, so wissen Sie genau, was Sie brauchen. Die Suche wird mit der Seriennummer durchgef\u00fchrt. Sie finden sie auf der Maschine. Das Etikett daf\u00fcr sieht dem Bild unten sehr \u00e4hnlich:<\/p>\n<p><img loading=\"lazy\" decoding=\"async\" class=\"size-full wp-image-13243 alignleft\" src=\"https:\/\/kwhholland.nl\/app\/uploads\/Typeplaatje-300x225.jpg\" alt=\"\" width=\"300\" height=\"225\" \/><\/p>\n","protected":false},"excerpt":{"rendered":"<p>Nutzen Sie unser Suchwerkzeug, um die richtige Maschine zu finden. Jede Maschine verwendet verschiedene Teile, so wissen Sie genau, was Sie brauchen. Die Suche wird mit der Seriennummer durchgef\u00fchrt. Sie finden sie auf der Maschine. Das Etikett daf\u00fcr sieht dem Bild unten sehr \u00e4hnlich:<\/p>\n","protected":false},"author":1,"featured_media":7194,"parent":0,"menu_order":0,"comment_status":"closed","ping_status":"closed","template":"templates\/spareparts-search.php","meta":{"footnotes":""},"class_list":["post-13347","page","type-page","status-publish","has-post-thumbnail","hentry"],"_links":{"self":[{"href":"https:\/\/kwhholland.nl\/de\/wp-json\/wp\/v2\/pages\/13347","targetHints":{"allow":["GET"]}}],"collection":[{"href":"https:\/\/kwhholland.nl\/de\/wp-json\/wp\/v2\/pages"}],"about":[{"href":"https:\/\/kwhholland.nl\/de\/wp-json\/wp\/v2\/types\/page"}],"author":[{"embeddable":true,"href":"https:\/\/kwhholland.nl\/de\/wp-json\/wp\/v2\/users\/1"}],"replies":[{"embeddable":true,"href":"https:\/\/kwhholland.nl\/de\/wp-json\/wp\/v2\/comments?post=13347"}],"version-history":[{"count":2,"href":"https:\/\/kwhholland.nl\/de\/wp-json\/wp\/v2\/pages\/13347\/revisions"}],"predecessor-version":[{"id":13378,"href":"https:\/\/kwhholland.nl\/de\/wp-json\/wp\/v2\/pages\/13347\/revisions\/13378"}],"wp:featuredmedia":[{"embeddable":true,"href":"https:\/\/kwhholland.nl\/de\/wp-json\/wp\/v2\/media\/7194"}],"wp:attachment":[{"href":"https:\/\/kwhholland.nl\/de\/wp-json\/wp\/v2\/media?parent=13347"}],"curies":[{"name":"wp","href":"https:\/\/api.w.org\/{rel}","templated":true}]}}