{"id":11866,"date":"2018-03-23T10:19:47","date_gmt":"2018-03-23T09:19:47","guid":{"rendered":"https:\/\/kwhholland.nl\/de\/spuitdoppencalculator\/"},"modified":"2018-04-11T13:56:03","modified_gmt":"2018-04-11T11:56:03","slug":"spruehduesenkalkulator","status":"publish","type":"page","link":"https:\/\/kwhholland.nl\/de\/spruehduesenkalkulator\/","title":{"rendered":"Spr\u00fchd\u00fcsenkalkulator"},"content":{"rendered":"<p>Die Wahl der richtigen D\u00fcse ist sehr wichtig f\u00fcr ein gutes Spr\u00fchresultat und um ein Abdriften einzuschr\u00e4nken. Welche D\u00fcse geeignet ist h\u00e4ngt ab von Ihrer Fahrgeschwindigkeit, Wassermenge, Baumh\u00f6he, Spr\u00fchtechnik und der gew\u00fcnschten Abdriftreduzierung. Wenn Sie diese Daten eintragen, sagt Ihnen die Auswahlhilfe welche D\u00fcsen geeignet sind.<\/p>\n","protected":false},"excerpt":{"rendered":"<p>Die Wahl der richtigen D\u00fcse ist sehr wichtig f\u00fcr ein gutes Spr\u00fchresultat und um ein Abdriften einzuschr\u00e4nken. Welche D\u00fcse geeignet ist h\u00e4ngt ab von Ihrer Fahrgeschwindigkeit, Wassermenge, Baumh\u00f6he, Spr\u00fchtechnik und der gew\u00fcnschten Abdriftreduzierung. Wenn Sie diese Daten eintragen, sagt Ihnen die Auswahlhilfe welche D\u00fcsen geeignet sind.<\/p>\n","protected":false},"author":1,"featured_media":0,"parent":0,"menu_order":0,"comment_status":"closed","ping_status":"closed","template":"templates\/calculator.php","meta":{"footnotes":""},"class_list":["post-11866","page","type-page","status-publish","hentry"],"_links":{"self":[{"href":"https:\/\/kwhholland.nl\/de\/wp-json\/wp\/v2\/pages\/11866","targetHints":{"allow":["GET"]}}],"collection":[{"href":"https:\/\/kwhholland.nl\/de\/wp-json\/wp\/v2\/pages"}],"about":[{"href":"https:\/\/kwhholland.nl\/de\/wp-json\/wp\/v2\/types\/page"}],"author":[{"embeddable":true,"href":"https:\/\/kwhholland.nl\/de\/wp-json\/wp\/v2\/users\/1"}],"replies":[{"embeddable":true,"href":"https:\/\/kwhholland.nl\/de\/wp-json\/wp\/v2\/comments?post=11866"}],"version-history":[{"count":5,"href":"https:\/\/kwhholland.nl\/de\/wp-json\/wp\/v2\/pages\/11866\/revisions"}],"predecessor-version":[{"id":11923,"href":"https:\/\/kwhholland.nl\/de\/wp-json\/wp\/v2\/pages\/11866\/revisions\/11923"}],"wp:attachment":[{"href":"https:\/\/kwhholland.nl\/de\/wp-json\/wp\/v2\/media?parent=11866"}],"curies":[{"name":"wp","href":"https:\/\/api.w.org\/{rel}","templated":true}]}}